{"id":6880,"date":"2017-04-21T14:32:54","date_gmt":"2017-04-21T14:32:54","guid":{"rendered":"http:\/\/mediclinic.mikado-themes.com\/?page_id=6880"},"modified":"2020-11-04T02:44:26","modified_gmt":"2020-11-04T02:44:26","slug":"who-we-are","status":"publish","type":"page","link":"https:\/\/medifort.com.co\/mf\/who-we-are\/","title":{"rendered":"Who We Are"},"content":{"rendered":"<p>[vc_row row_content_width=\u00bbgrid\u00bb css=\u00bb.vc_custom_1494254790915{padding-top: 100px !important;padding-bottom: 40px !important;}\u00bb][vc_column offset=\u00bbvc_col-md-4 vc_col-xs-12&#8243;][vc_single_image image=\u00bb6881&#8243; img_size=\u00bbfull\u00bb alignment=\u00bbcenter\u00bb][vc_empty_space height=\u00bb15px\u00bb][vc_column_text]<\/p>\n<h3>Qui\u00e9nes S\u00f3mos?<\/h3>\n<p>[\/vc_column_text][vc_column_text]Somos una Instituci\u00f3n prestadora de servicios de salud, dedicada al manejo, seguimiento y control integral de pacientes agudos y cr\u00f3nicos sin ventilador que requieren de un cuidado especial, mediante un programa de supervisi\u00f3n y acompa\u00f1amiento de atenci\u00f3n domiciliaria.[\/vc_column_text][vc_empty_space height=\u00bb25px\u00bb][vc_empty_space height=\u00bb50px\u00bb][\/vc_column][vc_column offset=\u00bbvc_col-md-4 vc_col-xs-12&#8243;][vc_single_image image=\u00bb6882&#8243; img_size=\u00bbfull\u00bb alignment=\u00bbcenter\u00bb][vc_empty_space height=\u00bb15px\u00bb][vc_column_text]<\/p>\n<h3>Qui\u00e9n Pertenece a Medifort<\/h3>\n<p>[\/vc_column_text][vc_column_text]conformado por un grupo de profesionales con el entrenamiento y disponibilidad para trasladarse al domicilio del paciente y brindar servicios asistenciales; tambi\u00e9n cuenta con todo el apoyo log\u00edstico que permite disponer de equipos y dispositivos necesarios durante la atenci\u00f3n del paciente.[\/vc_column_text][vc_empty_space height=\u00bb25px\u00bb][vc_empty_space height=\u00bb50px\u00bb][\/vc_column][vc_column offset=\u00bbvc_col-md-4 vc_col-xs-12&#8243;][vc_single_image image=\u00bb6883&#8243; img_size=\u00bbfull\u00bb alignment=\u00bbcenter\u00bb][vc_empty_space height=\u00bb15px\u00bb][vc_column_text]<\/p>\n<h3>Garant\u00eda de Nuestro Servicio<\/h3>\n<p>[\/vc_column_text][vc_column_text]El profesionalismo de nuestro equipo multidisciplinario garantiza un excelente servicio, genera confianza y aporta experiencia suficiente en el desarrollo de este programa.[\/vc_column_text][vc_empty_space height=\u00bb25px\u00bb][vc_empty_space height=\u00bb50px\u00bb][\/vc_column][\/vc_row][vc_row row_content_width=\u00bbgrid\u00bb css=\u00bb.vc_custom_1494254806818{padding-top: 82px !important;}\u00bb simple_background_color=\u00bb#fafafa\u00bb][vc_column offset=\u00bbvc_col-lg-6 vc_col-xs-12&#8243;][vc_column_text]<div class=\"mkdf-section-title-holder mkdf-st-standard mkdf-st-title-left mkdf-st-normal-space mkdf-st-disable-title-break\" >\n\t<div class=\"mkdf-st-inner\">\n\t\t\t\t\t<h2 class=\"mkdf-st-title\" >\n\t\t\t\t<span class=\"mkdf-st-title-light\">How<\/span> <span class=\"mkdf-st-title-light\">To<\/span> <span class=\"mkdf-st-title-light\">Live<\/span> <span class=\"mkdf-st-title-light\">a<\/span><br \/> Healthy Lifestyle?\t\t\t<\/h2>\n\t\t\t\t\t\t\t<p class=\"mkdf-st-text\" >\n\t\t\t\tUt wisi enim ad minim veniam, quis laore nostrud exerci tation ulm hedi corper turet suscipit lobortis nisl ut aliquip erat volutpat autem vel eum iriure dolor in hendrerit in vulputate velit esse molestie consequat, vel illum dolore eu feugiat nulla facilisis at vero eros et accumsan et iusto odio dignissim qui blandit.\t\t\t<\/p>\n\t\t\t<\/div>\n<\/div>[vc_column_text]Investigationes demonstraverunt lectores legere me lius quod ii legunt saepius dynamicus, qui sequitur mutationem consuetudium lectorum.[\/vc_column_text][vc_empty_space height=\u00bb12px\u00bb][vc_column_text]<\/p>\n<h5>Victoria Fernandez<\/h5>\n<p>[\/vc_column_text][vc_empty_space height=\u00bb12px\u00bb][vc_column_text]<\/p>\n<h6>Cardiac surgery<\/h6>\n<p>[\/vc_column_text][vc_single_image image=\u00bb5309&#8243; img_size=\u00bbfull\u00bb css=\u00bb.vc_custom_1494229353541{margin-top: -20% !important;padding-left: 10% !important;}\u00bb el_class=\u00bbcustom-image-class-pages\u00bb][\/vc_column][vc_column offset=\u00bbvc_col-lg-6 vc_col-xs-12&#8243; css=\u00bb.vc_custom_1494232545525{margin-top: -70px !important;}\u00bb][vc_column_text]<div class=\"mkdf-elements-holder mkdf-one-column mkdf-responsive-mode-768\" ><div class=\"mkdf-eh-item \"  data-item-class=\"mkdf-eh-custom-860170\" data-1280-1600=\"40px 0px 0px\" data-1024-1280=\"100px 0px 0px\" data-768-1024=\"60px 0px 0px\" data-600-768=\"0px\" data-480-600=\" 0px\" data-480=\"0px\">\n\t<div class=\"mkdf-eh-item-inner\">\n\t\t<div class=\"mkdf-eh-item-content mkdf-eh-custom-860170\" >\n\t\t\t[vc_single_image image=\u00bb6886&#8243; img_size=\u00bbfull\u00bb alignment=\u00bbcenter\u00bb]\t\t<\/div>\n\t<\/div>\n<\/div><\/div>[\/vc_column_text][\/vc_column][\/vc_row][vc_row row_content_width=\u00bbgrid\u00bb css=\u00bb.vc_custom_1493019004720{padding-top: 145px !important;padding-bottom: 99px !important;}\u00bb parallax_background_image=\u00bb5418&#8243;][vc_column][vc_row_inner row_content_width=\u00bbgrid\u00bb][vc_column_inner width=\u00bb1\/4&#8243;]<div class=\"mkdf-counter-holder\">\n\t<div class=\"mkdf-counter-inner\">\n\t\t\t\t\t\t\t\t\t<span class=\"mkdf-counter mkdf-zero-counter\" style=\"color: #ffffff\">22<\/span>\n\t\t\t\t\t\t\t<h6 class=\"mkdf-counter-title\" style=\"color: #ffffff\">\n\t\t\t\tHealth Sections\t\t\t<\/h6>\n\t\t\t\t\t<\/div>\n<\/div>[vc_empty_space height=\u00bb40px\u00bb][\/vc_column_inner][vc_column_inner width=\u00bb1\/4&#8243;]<div class=\"mkdf-counter-holder\">\n\t<div class=\"mkdf-counter-inner\">\n\t\t\t\t\t\t\t\t\t<span class=\"mkdf-counter mkdf-zero-counter\" style=\"color: #ffffff\">146<\/span>\n\t\t\t\t\t\t\t<h6 class=\"mkdf-counter-title\" style=\"color: #ffffff\">\n\t\t\t\tDifferent Services\t\t\t<\/h6>\n\t\t\t\t\t<\/div>\n<\/div>[vc_empty_space height=\u00bb40px\u00bb][\/vc_column_inner][vc_column_inner width=\u00bb1\/4&#8243;]<div class=\"mkdf-counter-holder\">\n\t<div class=\"mkdf-counter-inner\">\n\t\t\t\t\t\t\t\t\t<span class=\"mkdf-counter mkdf-zero-counter\" style=\"color: #ffffff\">388<\/span>\n\t\t\t\t\t\t\t<h6 class=\"mkdf-counter-title\" style=\"color: #ffffff\">\n\t\t\t\tBlood Donations\t\t\t<\/h6>\n\t\t\t\t\t<\/div>\n<\/div>[vc_empty_space height=\u00bb40px\u00bb][\/vc_column_inner][vc_column_inner width=\u00bb1\/4&#8243;]<div class=\"mkdf-counter-holder\">\n\t<div class=\"mkdf-counter-inner\">\n\t\t\t\t\t\t\t\t\t<span class=\"mkdf-counter mkdf-zero-counter\" style=\"color: #ffffff\">1280<\/span>\n\t\t\t\t\t\t\t<h6 class=\"mkdf-counter-title\" style=\"color: #ffffff\">\n\t\t\t\tSatisfied Patients\t\t\t<\/h6>\n\t\t\t\t\t<\/div>\n<\/div>[vc_empty_space height=\u00bb40px\u00bb][\/vc_column_inner][\/vc_row_inner][\/vc_column][\/vc_row][vc_row row_content_width=\u00bbgrid\u00bb css=\u00bb.vc_custom_1494254844530{padding-top: 68px !important;padding-bottom: 68px !important;}\u00bb][vc_column offset=\u00bbvc_col-md-4 vc_col-xs-12&#8243;][vc_column_text]<\/p>\n<h3>Serving People Through Exemplary Health Care<\/h3>\n<p>[\/vc_column_text][vc_column_text]Ut wisi enim ad minim veniam, quis laore est usus legentis in iis qui facit eorum nostrud exerci tation ulm hedi corper turet suscipit lobortis[\/vc_column_text][vc_empty_space height=\u00bb30px\u00bb][vc_empty_space height=\u00bb30px\u00bb][\/vc_column][vc_column offset=\u00bbvc_col-md-4 vc_col-xs-12&#8243;][vc_column_text]<\/p>\n<h3>Specialty Medicine with Compassion and Care<\/h3>\n<p>[\/vc_column_text][vc_column_text]Ut wisi enim ad minim veniam, quis laore est usus legentis in iis qui facit eorum nostrud exerci tation ulm hedi corper turet suscipit lobortis[\/vc_column_text][vc_empty_space height=\u00bb30px\u00bb][vc_empty_space height=\u00bb30px\u00bb][\/vc_column][vc_column offset=\u00bbvc_col-md-4 vc_col-xs-12&#8243;][vc_column_text]<\/p>\n<h3>Caring For The Growing Needs Of Community<\/h3>\n<p>[\/vc_column_text][vc_column_text]Ut wisi enim ad minim veniam, quis laore est usus legentis in iis qui facit eorum nostrud exerci tation ulm hedi corper turet suscipit lobortis[\/vc_column_text][vc_empty_space height=\u00bb30px\u00bb][vc_empty_space height=\u00bb30px\u00bb][\/vc_column][\/vc_row][vc_row simple_background_color=\u00bb#fafafa\u00bb css=\u00bb.vc_custom_1494254864989{padding-top: 100px !important;padding-bottom: 90px !important;}\u00bb][vc_column][vc_column_text]<div class=\"mkdf-testimonials-holder mkdf-testimonials-slider mkdf-testimonials-dark mkdf-testimonials-navigation clearfix\"><div class=\"mkdf-testimonials-inner\" ><div class=\"mkdf-grid\"><div class=\"mkdf-tes-image-nav\">\n            <div class=\"mkdf-tes-image-single\">\n                <span class=\"mkdf-tes-image-holder\">\n                    <img width=\"100\" height=\"100\" src=\"https:\/\/medifort.com.co\/mf\/wp-content\/uploads\/2017\/04\/h10-testimonials-3.png\" class=\"attachment-post-thumbnail size-post-thumbnail wp-post-image\" alt=\"a\" loading=\"lazy\" \/>                <\/span>\n            <\/div>\n                <div class=\"mkdf-tes-image-single\">\n                <span class=\"mkdf-tes-image-holder\">\n                    <img width=\"100\" height=\"100\" src=\"https:\/\/medifort.com.co\/mf\/wp-content\/uploads\/2017\/04\/h10-testimonials-2.png\" class=\"attachment-post-thumbnail size-post-thumbnail wp-post-image\" alt=\"a\" loading=\"lazy\" \/>                <\/span>\n            <\/div>\n                <div class=\"mkdf-tes-image-single\">\n                <span class=\"mkdf-tes-image-holder\">\n                    <img width=\"100\" height=\"100\" src=\"https:\/\/medifort.com.co\/mf\/wp-content\/uploads\/2017\/04\/h10-testimonials-1.png\" class=\"attachment-post-thumbnail size-post-thumbnail wp-post-image\" alt=\"a\" loading=\"lazy\" \/>                <\/span>\n            <\/div>\n        <\/div><div class=\"  mkdf-testimonials-slider mkdf-testimonials-dark mkdf-testimonials-navigation clearfix mkdf-owl-testimonials\" data-number-of-items=\"1\" data-enable-loop=\"yes\" data-enable-autoplay=\"yes\" data-slider-speed=\"5000\" data-slider-speed-animation=\"600\" data-enable-navigation=\"yes\" data-enable-pagination=\"yes\" ><div id=\"mkdf-testimonials5554\" class=\"mkdf-testimonial-content\">\n\n\t<div class=\"mkdf-testimonial-content-inner\">\n\t\t<div class=\"mkdf-testimonial-text-holder\">\n\t\t\t<div class=\"mkdf-testimonial-text-inner mkdf-grid\">\n\t\t\t\t<h5 class=\"mkdf-testimonial-text\">Lorem ipsum dolor sit amet, consectetuer adipiscing elit, sed diam nonummy nibh euismod tincidunt ut laoreet dolore magna aliquam erat volutpat.<\/h5>\n                <div class=\"mkdf-separator-quote fa fa-quote-right\"><\/div>\n\t\t\t\t\t\t\t\t\t<div class = \"mkdf-testimonial-author\">\n\t\t\t\t\t\t<h5 class=\"mkdf-testimonial-author-text\">Jenna Sharp\t\t\t\t\t\t<\/h5>\n\t\t\t\t\t<\/div>\n\t\t\t\t\t\t\t\t\t\t\t\t\t<h6 class=\"mkdf-testimonial-job-title\">\n\t\t\t\t\t\tGynecologist\t\t\t\t\t<\/h6>\n\t\t\t\t\t\t\t<\/div>\n\n\t\t<\/div>\n\t<\/div>\t\n<\/div>\n<div id=\"mkdf-testimonials5551\" class=\"mkdf-testimonial-content\">\n\n\t<div class=\"mkdf-testimonial-content-inner\">\n\t\t<div class=\"mkdf-testimonial-text-holder\">\n\t\t\t<div class=\"mkdf-testimonial-text-inner mkdf-grid\">\n\t\t\t\t<h5 class=\"mkdf-testimonial-text\">Lorem ipsum dolor sit amet, consectetuer adipiscing elit, sed diam nonummy nibh euismod tincidunt ut laoreet dolore magna aliquam erat volutpat.<\/h5>\n                <div class=\"mkdf-separator-quote fa fa-quote-right\"><\/div>\n\t\t\t\t\t\t\t\t\t<div class = \"mkdf-testimonial-author\">\n\t\t\t\t\t\t<h5 class=\"mkdf-testimonial-author-text\">Nathan Becker\t\t\t\t\t\t<\/h5>\n\t\t\t\t\t<\/div>\n\t\t\t\t\t\t\t\t\t\t\t\t\t<h6 class=\"mkdf-testimonial-job-title\">\n\t\t\t\t\t\tNeurologist\t\t\t\t\t<\/h6>\n\t\t\t\t\t\t\t<\/div>\n\n\t\t<\/div>\n\t<\/div>\t\n<\/div>\n<div id=\"mkdf-testimonials5549\" class=\"mkdf-testimonial-content\">\n\n\t<div class=\"mkdf-testimonial-content-inner\">\n\t\t<div class=\"mkdf-testimonial-text-holder\">\n\t\t\t<div class=\"mkdf-testimonial-text-inner mkdf-grid\">\n\t\t\t\t<h5 class=\"mkdf-testimonial-text\">Lorem ipsum dolor sit amet, consectetuer adipiscing elit, sed diam nonummy nibh euismod tincidunt ut laoreet dolore magna aliquam erat volutpat.<\/h5>\n                <div class=\"mkdf-separator-quote fa fa-quote-right\"><\/div>\n\t\t\t\t\t\t\t\t\t<div class = \"mkdf-testimonial-author\">\n\t\t\t\t\t\t<h5 class=\"mkdf-testimonial-author-text\">Rufus Lewis\t\t\t\t\t\t<\/h5>\n\t\t\t\t\t<\/div>\n\t\t\t\t\t\t\t\t\t\t\t\t\t<h6 class=\"mkdf-testimonial-job-title\">\n\t\t\t\t\t\tCardiologist\t\t\t\t\t<\/h6>\n\t\t\t\t\t\t\t<\/div>\n\n\t\t<\/div>\n\t<\/div>\t\n<\/div>\n<\/div><\/div><\/div><div class=\"mkdf-tes-nav mkdf-tes-controls\"><span class=\"mkdf-tes-nav-prev\"><span class=\"mkdf-icon-mark\"><\/span><\/span><span class=\"mkdf-tes-nav-next\"><span class=\"mkdf-icon-mark\"><\/span><\/span><\/div><\/div>[\/vc_column_text][\/vc_column][\/vc_row]<\/p>\n","protected":false},"excerpt":{"rendered":"<p>[vc_row row_content_width=\u00bbgrid\u00bb css=\u00bb.vc_custom_1494254790915{padding-top: 100px !important;padding-bottom: 40px !important;}\u00bb][vc_column offset=\u00bbvc_col-md-4 vc_col-xs-12&#8243;][vc_single_image image=\u00bb6881&#8243; img_size=\u00bbfull\u00bb alignment=\u00bbcenter\u00bb][vc_empty_space height=\u00bb15px\u00bb][vc_column_text] Qui\u00e9nes S\u00f3mos? [\/vc_column_text][vc_column_text]Somos una Instituci\u00f3n prestadora de servicios de salud, dedicada al manejo, seguimiento y control integral de pacientes agudos y cr\u00f3nicos sin ventilador que requieren de [&hellip;]<\/p>\n","protected":false},"author":1,"featured_media":0,"parent":0,"menu_order":0,"comment_status":"closed","ping_status":"closed","template":"","meta":[],"_links":{"self":[{"href":"https:\/\/medifort.com.co\/mf\/wp-json\/wp\/v2\/pages\/6880"}],"collection":[{"href":"https:\/\/medifort.com.co\/mf\/wp-json\/wp\/v2\/pages"}],"about":[{"href":"https:\/\/medifort.com.co\/mf\/wp-json\/wp\/v2\/types\/page"}],"author":[{"embeddable":true,"href":"https:\/\/medifort.com.co\/mf\/wp-json\/wp\/v2\/users\/1"}],"replies":[{"embeddable":true,"href":"https:\/\/medifort.com.co\/mf\/wp-json\/wp\/v2\/comments?post=6880"}],"version-history":[{"count":2,"href":"https:\/\/medifort.com.co\/mf\/wp-json\/wp\/v2\/pages\/6880\/revisions"}],"predecessor-version":[{"id":9788,"href":"https:\/\/medifort.com.co\/mf\/wp-json\/wp\/v2\/pages\/6880\/revisions\/9788"}],"wp:attachment":[{"href":"https:\/\/medifort.com.co\/mf\/wp-json\/wp\/v2\/media?parent=6880"}],"curies":[{"name":"wp","href":"https:\/\/api.w.org\/{rel}","templated":true}]}}