{"id":6739,"date":"2017-04-21T08:37:58","date_gmt":"2017-04-21T08:37:58","guid":{"rendered":"http:\/\/mediclinic.mikado-themes.com\/?page_id=6739"},"modified":"2020-11-07T04:40:11","modified_gmt":"2020-11-07T04:40:11","slug":"nuestro-equipo","status":"publish","type":"page","link":"https:\/\/medifort.com.co\/mf\/nuestro-equipo\/","title":{"rendered":"nuestro-equipo"},"content":{"rendered":"<p>[vc_row row_content_width=\u00bbgrid\u00bb content_text_aligment=\u00bbcenter\u00bb css=\u00bb.vc_custom_1494253612747{padding-top: 83px !important;padding-bottom: 15px !important;}\u00bb][vc_column][vc_column_text]<div class=\"mkdf-elements-holder mkdf-one-column mkdf-responsive-mode-768\" ><\/div><div class=\"mkdf-eh-item mkdf-horizontal-alignment-center\"  data-item-class=\"mkdf-eh-custom-689112\" data-1280-1600=\"0px 12% 0px\" data-1024-1280=\"0px 8% 0px\" data-768-1024=\"0px 0% \" data-600-768=\"0px 0% \" data-480-600=\"0px 0% \" data-480=\"0px 0% \">\n\t<div class=\"mkdf-eh-item-inner\">\n\t\t<div class=\"mkdf-eh-item-content mkdf-eh-custom-689112\" style=\"padding: 0px 12% 0px\">\n\t\t\t\t\t<\/div>\n\t<\/div>\n<\/div><div class=\"mkdf-section-title-holder mkdf-st-standard mkdf-st-title-left mkdf-st-normal-space \" style=\"text-align: center\">\n\t<div class=\"mkdf-st-inner\">\n\t\t\t\t\t<h2 class=\"mkdf-st-title\" >\n\t\t\t\tEQUIPO MEDIFORT IPS\t\t\t<\/h2>\n\t\t\t\t\t\t\t<h4 class=\"mkdf-st-text\" style=\"font-size: 19px;font-weight: 300\">\n\t\t\t\tEl profesionalismo de nuestro equipo multidisciplinario garantiza un excelente  servicio, genera confianza y aporta experiencia suficiente  en el desarrollo de este programa.\t\t\t<\/h4>\n\t\t\t<\/div>\n<\/div>[vc_empty_space height=\u00bb20px\u00bb][vc_column_text]<\/p>\n<p style=\"text-align: center;\">Somos un grupo de profesionales con el entrenamiento y disponibilidad para trasladarse al domicilio del paciente y brindar servicios asistenciales; tambi\u00e9n cuenta con todo el apoyo log\u00edstico que permite disponer de equipos y dispositivos necesarios durante la atenci\u00f3n del paciente.<\/p>\n<p>[\/vc_column_text][vc_empty_space height=\u00bb75px\u00bb][\/vc_column][\/vc_row][vc_row row_content_width=\u00bbgrid\u00bb content_text_aligment=\u00bbcenter\u00bb css=\u00bb.vc_custom_1494512034554{padding-top: 88px !important;padding-bottom: 86px !important;}\u00bb simple_background_color=\u00bb#eaeaea\u00bb][vc_column][vc_column_text]<div class=\"mkdf-section-title-holder mkdf-st-standard mkdf-st-title-left mkdf-st-normal-space \" style=\"text-align: center\">\n\t<div class=\"mkdf-st-inner\">\n\t\t\t\t\t<h3 class=\"mkdf-st-title\" >\n\t\t\t\tDeseas Contactarnos?\t\t\t<\/h3>\n\t\t\t\t\t\t\t<p class=\"mkdf-st-text\" >\n\t\t\t\tEscr\u00edbenos y cuenta con Medifort IPS.\t\t\t<\/p>\n\t\t\t<\/div>\n<\/div>[vc_empty_space height=\u00bb42px\u00bb][\/vc_column_text]<div role=\"form\" class=\"wpcf7\" id=\"wpcf7-f9879-o1\" lang=\"es-ES\" dir=\"ltr\">\n<div class=\"screen-reader-response\"><p role=\"status\" aria-live=\"polite\" aria-atomic=\"true\"><\/p> <ul><\/ul><\/div>\n<form action=\"\/mf\/wp-json\/wp\/v2\/pages\/6739#wpcf7-f9879-o1\" method=\"post\" class=\"wpcf7-form init\" novalidate=\"novalidate\" data-status=\"init\">\n<div style=\"display: none;\">\n<input type=\"hidden\" name=\"_wpcf7\" value=\"9879\" \/>\n<input type=\"hidden\" name=\"_wpcf7_version\" value=\"5.5.4\" \/>\n<input type=\"hidden\" name=\"_wpcf7_locale\" value=\"es_ES\" \/>\n<input type=\"hidden\" name=\"_wpcf7_unit_tag\" value=\"wpcf7-f9879-o1\" \/>\n<input type=\"hidden\" name=\"_wpcf7_container_post\" value=\"0\" \/>\n<input type=\"hidden\" name=\"_wpcf7_posted_data_hash\" value=\"\" \/>\n<\/div>\n<p><label> Tu nombre<br \/>\n    <span class=\"wpcf7-form-control-wrap your-name\"><input type=\"text\" name=\"your-name\" value=\"\" size=\"40\" class=\"wpcf7-form-control wpcf7-text wpcf7-validates-as-required\" aria-required=\"true\" aria-invalid=\"false\" \/><\/span> <\/label><\/p>\n<p><label> Tu correo electr\u00f3nico<br \/>\n    <span class=\"wpcf7-form-control-wrap your-email\"><input type=\"email\" name=\"your-email\" value=\"\" size=\"40\" class=\"wpcf7-form-control wpcf7-text wpcf7-email wpcf7-validates-as-required wpcf7-validates-as-email\" aria-required=\"true\" aria-invalid=\"false\" \/><\/span> <\/label><\/p>\n<p><label> Asunto<br \/>\n    INFORMACION SOBRE EQUIPO MEDICO <\/label><\/p>\n<p><label>DATOS PERSONALES (opcional)<br \/>\n    <span class=\"wpcf7-form-control-wrap your-message\"><textarea name=\"your-message\" cols=\"40\" rows=\"10\" class=\"wpcf7-form-control wpcf7-textarea\" aria-invalid=\"false\"><\/textarea><\/span> <\/label><\/p>\n<p><input type=\"submit\" value=\"Enviar\" class=\"wpcf7-form-control has-spinner wpcf7-submit\" \/><\/p>\n<p style=\"display: none !important;\"><label>&#916;<textarea name=\"_wpcf7_ak_hp_textarea\" cols=\"45\" rows=\"8\" maxlength=\"100\"><\/textarea><\/label><input type=\"hidden\" id=\"ak_js_1\" name=\"_wpcf7_ak_js\" value=\"153\"\/><script>document.getElementById( \"ak_js_1\" ).setAttribute( \"value\", ( new Date() ).getTime() );<\/script><\/p><div class=\"wpcf7-response-output\" aria-hidden=\"true\"><\/div><\/form><\/div>[\/vc_column][\/vc_row][vc_row][vc_column][vc_basic_grid post_type=\u00bbwpcf7_contact_form\u00bb max_items=\u00bb10&#8243; grid_id=\u00bbvc_gid:1604723975636-5c14f107-3744-5&#8243;][\/vc_column][\/vc_row]<\/p>\n","protected":false},"excerpt":{"rendered":"<p>[vc_row row_content_width=\u00bbgrid\u00bb content_text_aligment=\u00bbcenter\u00bb css=\u00bb.vc_custom_1494253612747{padding-top: 83px !important;padding-bottom: 15px !important;}\u00bb][vc_column][vc_column_text][vc_empty_space height=\u00bb20px\u00bb][vc_column_text] Somos un grupo de profesionales con el entrenamiento y disponibilidad para trasladarse al domicilio del paciente y brindar servicios asistenciales; tambi\u00e9n cuenta con todo el apoyo log\u00edstico que permite disponer de [&hellip;]<\/p>\n","protected":false},"author":1,"featured_media":0,"parent":0,"menu_order":0,"comment_status":"closed","ping_status":"closed","template":"","meta":[],"_links":{"self":[{"href":"https:\/\/medifort.com.co\/mf\/wp-json\/wp\/v2\/pages\/6739"}],"collection":[{"href":"https:\/\/medifort.com.co\/mf\/wp-json\/wp\/v2\/pages"}],"about":[{"href":"https:\/\/medifort.com.co\/mf\/wp-json\/wp\/v2\/types\/page"}],"author":[{"embeddable":true,"href":"https:\/\/medifort.com.co\/mf\/wp-json\/wp\/v2\/users\/1"}],"replies":[{"embeddable":true,"href":"https:\/\/medifort.com.co\/mf\/wp-json\/wp\/v2\/comments?post=6739"}],"version-history":[{"count":6,"href":"https:\/\/medifort.com.co\/mf\/wp-json\/wp\/v2\/pages\/6739\/revisions"}],"predecessor-version":[{"id":9882,"href":"https:\/\/medifort.com.co\/mf\/wp-json\/wp\/v2\/pages\/6739\/revisions\/9882"}],"wp:attachment":[{"href":"https:\/\/medifort.com.co\/mf\/wp-json\/wp\/v2\/media?parent=6739"}],"curies":[{"name":"wp","href":"https:\/\/api.w.org\/{rel}","templated":true}]}}